{"id":2283,"date":"2025-08-06T10:33:37","date_gmt":"2025-08-06T10:33:37","guid":{"rendered":"https:\/\/www.rogierdenijs.com\/?page_id=2283"},"modified":"2025-09-04T10:06:54","modified_gmt":"2025-09-04T10:06:54","slug":"beatplasticwaste","status":"publish","type":"page","link":"https:\/\/www.rogierdenijs.com\/nl\/beatplasticwaste\/","title":{"rendered":"#BEATPLASTICWASTE"},"content":{"rendered":"<div class=\"fusion-fullwidth fullwidth-box fusion-builder-row-1 fusion-flex-container has-pattern-background has-mask-background entry hundred-percent-fullwidth non-hundred-percent-height-scrolling\" style=\"--awb-border-radius-top-left:0px;--awb-border-radius-top-right:0px;--awb-border-radius-bottom-right:0px;--awb-border-radius-bottom-left:0px;--awb-padding-top:150px;--awb-padding-bottom:60px;--awb-background-image:radial-gradient(circle at center center, hsla(var(--awb-color8-h),var(--awb-color8-s),var(--awb-color8-l),calc(var(--awb-color8-a) - 12%)) 0%,var(--awb-color8) 30%);--awb-background-size:contain;--awb-flex-wrap:wrap;\" ><div class=\"awb-background-slider\" data-type=\"container\" data-loop=\"yes\" data-animation=\"fade\" data-slideshow-speed=\"5000\" data-animation-speed=\"800\" data-direction=\"up\" style=\"--awb-image-position:50% 50%;\"><div class=\"swiper-wrapper\"><div class=\"swiper-slide\"><img decoding=\"async\" width=\"2048\" height=\"1365\" src=\"https:\/\/www.rogierdenijs.com\/wp-content\/uploads\/2025\/04\/BeatPlasticWaste-RogierDeNijs-Podium10-Bladel-01122021-JostijnLigtvoetFotografie-20.jpg\" class=\"awb-background-slider__image lazyload\" alt=\"\" srcset=\"data:image\/svg+xml,%3Csvg%20xmlns%3D%27http%3A%2F%2Fwww.w3.org%2F2000%2Fsvg%27%20width%3D%272048%27%20height%3D%271365%27%20viewBox%3D%270%200%202048%201365%27%3E%3Crect%20width%3D%272048%27%20height%3D%271365%27%20fill-opacity%3D%220%22%2F%3E%3C%2Fsvg%3E\" data-orig-src=\"https:\/\/www.rogierdenijs.com\/wp-content\/uploads\/2025\/04\/BeatPlasticWaste-RogierDeNijs-Podium10-Bladel-01122021-JostijnLigtvoetFotografie-20.jpg\" data-srcset=\"https:\/\/www.rogierdenijs.com\/wp-content\/uploads\/2025\/04\/BeatPlasticWaste-RogierDeNijs-Podium10-Bladel-01122021-JostijnLigtvoetFotografie-20-200x133.jpg 200w, https:\/\/www.rogierdenijs.com\/wp-content\/uploads\/2025\/04\/BeatPlasticWaste-RogierDeNijs-Podium10-Bladel-01122021-JostijnLigtvoetFotografie-20-300x200.jpg 300w, https:\/\/www.rogierdenijs.com\/wp-content\/uploads\/2025\/04\/BeatPlasticWaste-RogierDeNijs-Podium10-Bladel-01122021-JostijnLigtvoetFotografie-20-400x267.jpg 400w, https:\/\/www.rogierdenijs.com\/wp-content\/uploads\/2025\/04\/BeatPlasticWaste-RogierDeNijs-Podium10-Bladel-01122021-JostijnLigtvoetFotografie-20-600x400.jpg 600w, https:\/\/www.rogierdenijs.com\/wp-content\/uploads\/2025\/04\/BeatPlasticWaste-RogierDeNijs-Podium10-Bladel-01122021-JostijnLigtvoetFotografie-20-768x512.jpg 768w, https:\/\/www.rogierdenijs.com\/wp-content\/uploads\/2025\/04\/BeatPlasticWaste-RogierDeNijs-Podium10-Bladel-01122021-JostijnLigtvoetFotografie-20-800x533.jpg 800w, https:\/\/www.rogierdenijs.com\/wp-content\/uploads\/2025\/04\/BeatPlasticWaste-RogierDeNijs-Podium10-Bladel-01122021-JostijnLigtvoetFotografie-20-1024x683.jpg 1024w, https:\/\/www.rogierdenijs.com\/wp-content\/uploads\/2025\/04\/BeatPlasticWaste-RogierDeNijs-Podium10-Bladel-01122021-JostijnLigtvoetFotografie-20-1200x800.jpg 1200w, https:\/\/www.rogierdenijs.com\/wp-content\/uploads\/2025\/04\/BeatPlasticWaste-RogierDeNijs-Podium10-Bladel-01122021-JostijnLigtvoetFotografie-20-1536x1024.jpg 1536w, https:\/\/www.rogierdenijs.com\/wp-content\/uploads\/2025\/04\/BeatPlasticWaste-RogierDeNijs-Podium10-Bladel-01122021-JostijnLigtvoetFotografie-20.jpg 2048w\" data-sizes=\"auto\" \/><\/div><\/div><\/div><div class=\"fusion-builder-row fusion-row fusion-flex-align-items-center fusion-flex-content-wrap\" style=\"width:104% !important;max-width:104% !important;margin-left: calc(-4% \/ 2 );margin-right: calc(-4% \/ 2 );\"><div class=\"fusion-layout-column fusion_builder_column fusion-builder-column-0 fusion_builder_column_1_4 1_4 fusion-flex-column fusion-animated\" style=\"--awb-padding-bottom:25px;--awb-bg-size:cover;--awb-width-large:25%;--awb-spacing-right-large:7.68%;--awb-margin-bottom-large:0px;--awb-spacing-left-large:7.68%;--awb-width-medium:100%;--awb-order-medium:0;--awb-spacing-right-medium:1.92%;--awb-margin-bottom-medium:65px;--awb-spacing-left-medium:1.92%;--awb-width-small:100%;--awb-order-small:0;--awb-spacing-right-small:1.92%;--awb-spacing-left-small:1.92%;\" data-animationtype=\"fadeInLeft\" data-animationduration=\"1.0\" data-animationdelay=\"0.3\" data-animationoffset=\"top-into-view\"><div class=\"fusion-column-wrapper fusion-column-has-shadow fusion-flex-justify-content-flex-start fusion-content-layout-column\"><\/div><\/div><div class=\"fusion-layout-column fusion_builder_column fusion-builder-column-1 fusion_builder_column_1_2 1_2 fusion-flex-column fusion-animated\" style=\"--awb-padding-top:25px;--awb-padding-right:20px;--awb-padding-bottom:25px;--awb-padding-left:20px;--awb-overflow:visible;--awb-bg-color:rgba(17,17,17,0.75);--awb-bg-color-hover:rgba(17,17,17,0.75);--awb-bg-size:cover;--awb-width-large:50%;--awb-spacing-right-large:3.84%;--awb-margin-bottom-large:0px;--awb-spacing-left-large:3.84%;--awb-width-medium:100%;--awb-order-medium:0;--awb-spacing-right-medium:1.92%;--awb-margin-bottom-medium:65px;--awb-spacing-left-medium:1.92%;--awb-width-small:100%;--awb-order-small:0;--awb-spacing-right-small:1.92%;--awb-spacing-left-small:1.92%;\" data-animationtype=\"fadeInLeft\" data-animationduration=\"1.0\" data-animationdelay=\"0.3\" data-animationoffset=\"top-into-view\" data-scroll-devices=\"small-visibility,medium-visibility,large-visibility\"><div class=\"fusion-column-wrapper fusion-column-has-shadow fusion-flex-justify-content-flex-start fusion-content-layout-column\"><div class=\"fusion-title title fusion-title-1 fusion-sep-none fusion-title-text fusion-title-size-two\" style=\"--awb-text-color:#cccccc;--awb-margin-bottom-small:25px;--awb-text-stroke-size:3px;--awb-text-stroke-color:var(--awb-color1);--awb-font-size:32px;\"><h2 class=\"fusion-title-heading title-heading-left md-text-align-center\" style=\"font-family:&quot;Bebas Neue&quot;;font-style:normal;font-weight:400;margin:0;font-size:1em;letter-spacing:3px;text-transform:uppercase;\"><h2>#BEATPLASTICWASTE Bij Landpark Assisi\u00eb<\/h2><\/h2><\/div><div class=\"fusion-builder-row fusion-builder-row-inner fusion-row fusion-flex-align-items-center fusion-flex-content-wrap\" style=\"width:104% !important;max-width:104% !important;margin-left: calc(-4% \/ 2 );margin-right: calc(-4% \/ 2 );\"><div class=\"fusion-layout-column fusion_builder_column_inner fusion-builder-nested-column-0 fusion_builder_column_inner_1_1 1_1 fusion-flex-column\" style=\"--awb-padding-top:20px;--awb-bg-size:cover;--awb-width-large:100%;--awb-spacing-right-large:1.92%;--awb-margin-bottom-large:0px;--awb-spacing-left-large:1.92%;--awb-width-medium:100%;--awb-order-medium:0;--awb-spacing-right-medium:1.92%;--awb-spacing-left-medium:1.92%;--awb-width-small:100%;--awb-order-small:0;--awb-spacing-right-small:1.92%;--awb-spacing-left-small:1.92%;\" data-scroll-devices=\"small-visibility,medium-visibility,large-visibility\"><div class=\"fusion-column-wrapper fusion-column-has-shadow fusion-flex-justify-content-flex-start fusion-content-layout-column\"><\/div><\/div><\/div><div class=\"fusion-text fusion-text-1\" style=\"--awb-text-color:#ffffff;\"><p>Download de brochure over dit project <a href=\"https:\/\/new.rogierdenijs.com\/wp-content\/uploads\/2025\/07\/Brochure-BEATPLASTICWASTE-0725.pdf\">hier<\/a> .<\/p>\n<p><strong>De kunst van klank - een project op Landpark Assisi\u00eb<\/strong><\/p>\n<p>Plastic speelt een grote rol in ons dagelijks leven. Van verpakkingen en vershoudfolie tot allerlei gebruiksvoorwerpen\u2014het is overal om ons heen! Deze veelzijdigheid maakt plastic enorm praktisch, maar helaas heeft dit ook een keerzijde. Plastic is ontzettend moeilijk af te breken, waardoor het zich ophoopt in onze afvalbergen. Het resultaat? Plastic afval vind je echt overal, zelfs in de ruimte en op de bodem van de diepste oceanen! Als gewone burger heb je hier niet voor gekozen en krijg je wellicht het gevoel dat je machteloos staat tegenover de grootmachten van de industrie die bepalen hoe de wereld met plastic omgaat.<\/p>\n<p>Maar, niets is minder waar; ook in jouw directe omgeving is er werk aan de winkel. Het zal je verbazen hoeveel plastic afval er in jouw dagelijks leven voorkomt. #BEATPLASTICWASTE speelt zich af op het Landpark Asissi\u00eb, een zorginstelling die als mini-maatschappij ook te maken heeft met de gevolgen van de wegwerpmaatschappij met verschillende afvalstromen. Door letterlijk aan de slag te gaan met plastic afval leren we in het project #BEATPLASTICWASTE op een circulaire manier te werken met plastic afval.<\/p>\n<p>Van afvalberg tot kunstwerk<br \/>\nBewoners omwonenden van Landpark Assisi\u00eb starten in maart 2025, onder leiding van drummer en componist Rogier De Nijs, het project #BEATPLASTICWASTE. Ook in zijn functie als muziektherapeut begrijpt De Nijs hoe hij muziek kan inzetten als middel. Tijdens dit project wordt er plastic afval verzameld, vervolgens gesorteerd waarna het een nieuw leven krijgt in de vorm van een interactieve muziekinstallatie. Ieder plastic voorwerp belandt op de zorgvuldig geconstrueerde afvalberg; het kunstwerk #BEATPLASTICWASTE. De deelnemers zijn de bewoners, begeleiders en omwonenden van Landpark Asissi\u00eb.<\/p>\n<p>Ieder plastic afval object heeft zijn unieke klank, kleur en vorm. Sla met een stok op een gebruikt plastic flesje en je hoort een compleet ander geluid dan dat je twee plastic zakken tegen elkaar beweegt. Er huist een prachtig pallet van klank in dagelijks plastic afval en dit is waar Rogier De Nijs\u2019 hart sneller gaat kloppen. Samen met alle deelnemers gaat hij dit klankenpalet vastleggen als audio- en videobestanden en gebruiken voor een interactieve muziekinstallatie. Bezoekers kunnen deze muzikale afvalberg uiteindelijk zelf bespelen en zo ter plekke hun eigen ritmes ten gehore brengen.<\/p>\n<p>Landmark<br \/>\nZoals iedere kunstenaar zijn werk graag ondertekent, zo markeren ook wij, met gevoel voor verhouding, onze omgeving. Iedereen kent de grote letters van bijvoorbeeld IAMSTERDAM of #OPGEZWOLLE waarmee een zichzelf respecterende stad of provincie zich presenteert op een prominente plek. Grote rechtopstaande letters; #BEATPLASTICWASTE bij de ingang van het Landpark vormen ons eigen Landmark als herinnering aan het project. De letters van plastic afval worden in samenwerking gemaakt met bewoners, wat hen mede-eigenaar van dit kunstwerk maakt.<\/p>\n<p>Festival Nabij<br \/>\nDe muzikale afvalberg wordt officieel gepresenteerd tijdens Festival Nabij op het Landpark op 10 en 11 mei als apotheose. Op de berg wordt door Rogier De Nijs Group tijdens het festival een voorstelling gespeeld met verschillende instrumenten die zijn gemaakt uit plastic afval.<\/p>\n<p>Samenwerkingsverbanden<br \/>\nDit project is een samenwerking tussen Studio Assisi\u00eb, de stichting die op Landpark Assisi\u00eb het culturele programma co\u00f6rdineert en het festival Nabij organiseert. Dit project wordt ook gezien als een residentie &amp; maatschappelijk pilotproject. Bezoek voor meer informatie de website van Studio Assisi\u00eb. <a href=\"https:\/\/www.studio-assisie.nl\/\">website<\/a>.<\/p>\n<p><a href=\"https:\/\/www.prismanet.nl\/\">Stichting Prisma<\/a>, de stichting die vanuit verschillende afdelingen en locaties, op het vlak van communicatie, begeleiding van deelnemers, afstemming en gebruik van faciliteiten ondersteunt.\nEn Rogier De Nijs, drummer, componist, muziekinstrumentenmaker en muziektherapeut.\nDit project is mede tot stand gekomen met dank aan de subsidieregeling 'Levendig Brabant'.<\/p>\n<p>.<\/p>\n<p class=\"translation-block\">.<\/p>\n<p>Download de brochure over dit project <a href=\"https:\/\/new.rogierdenijs.com\/wp-content\/uploads\/2025\/07\/Brochure-BEATPLASTICWASTE-0725.pdf\">hier<\/a> .<\/p>\n<\/div><div class=\"fusion-text fusion-text-2\"><h3>Want to stay up-to-date?<\/h3>\n<\/div><div ><a class=\"fusion-button button-flat button-small button-custom fusion-button-default button-1 fusion-button-default-span fusion-button-default-type\" style=\"--button_accent_color:#cccccc;--button_border_color:#ffffff;--button_accent_hover_color:var(--awb-color1);--button_border_hover_color:var(--awb-color5);--button_border_width-top:2px;--button_border_width-right:2px;--button_border_width-bottom:2px;--button_border_width-left:2px;--button_gradient_top_color:rgba(255,255,255,0);--button_gradient_bottom_color:rgba(255,255,255,0);--button_gradient_top_color_hover:#4d87a7;--button_gradient_bottom_color_hover:#4d87a7;--button_margin-bottom:20px;\" target=\"_self\"><span class=\"fusion-button-text awb-button__text awb-button__text--default\">SUBSCRIBE TO NEWSLETTER<\/span><\/a><\/div><\/div><\/div><div class=\"fusion-layout-column fusion_builder_column fusion-builder-column-2 fusion_builder_column_1_4 1_4 fusion-flex-column fusion-animated\" style=\"--awb-padding-bottom:25px;--awb-bg-size:cover;--awb-width-large:25%;--awb-spacing-right-large:7.68%;--awb-margin-bottom-large:0px;--awb-spacing-left-large:7.68%;--awb-width-medium:100%;--awb-order-medium:0;--awb-spacing-right-medium:1.92%;--awb-margin-bottom-medium:65px;--awb-spacing-left-medium:1.92%;--awb-width-small:100%;--awb-order-small:0;--awb-spacing-right-small:1.92%;--awb-spacing-left-small:1.92%;\" data-animationtype=\"fadeInLeft\" data-animationduration=\"1.0\" data-animationdelay=\"0.3\" data-animationoffset=\"top-into-view\"><div class=\"fusion-column-wrapper fusion-column-has-shadow fusion-flex-justify-content-flex-start fusion-content-layout-column\"><\/div><\/div><\/div><\/div>","protected":false},"excerpt":{"rendered":"","protected":false},"author":1,"featured_media":0,"parent":0,"menu_order":0,"comment_status":"closed","ping_status":"closed","template":"100-width.php","meta":{"_acf_changed":false,"footnotes":""},"class_list":["post-2283","page","type-page","status-publish","hentry"],"acf":[],"yoast_head":"<!-- This site is optimized with the Yoast SEO plugin v26.3 - https:\/\/yoast.com\/wordpress\/plugins\/seo\/ -->\n<title>#BEATPLASTICWASTE - Rogier De Nijs<\/title>\n<meta name=\"description\" content=\"Rogier De Nijs drummer, composer and instrument builder with music on current social topics.\" \/>\n<meta name=\"robots\" content=\"index, follow, max-snippet:-1, max-image-preview:large, max-video-preview:-1\" \/>\n<link rel=\"canonical\" href=\"https:\/\/www.rogierdenijs.com\/nl\/beatplasticwaste\/\" \/>\n<meta property=\"og:locale\" content=\"nl_NL\" \/>\n<meta property=\"og:type\" content=\"article\" \/>\n<meta property=\"og:title\" content=\"#BEATPLASTICWASTE - Rogier De Nijs\" \/>\n<meta property=\"og:description\" content=\"Rogier De Nijs drummer, composer and instrument builder with music on current social topics.\" \/>\n<meta property=\"og:url\" content=\"https:\/\/www.rogierdenijs.com\/nl\/beatplasticwaste\/\" \/>\n<meta property=\"og:site_name\" content=\"Rogier De Nijs\" \/>\n<meta property=\"article:modified_time\" content=\"2025-09-04T10:06:54+00:00\" \/>\n<meta name=\"twitter:card\" content=\"summary_large_image\" \/>\n<meta name=\"twitter:label1\" content=\"Geschatte leestijd\" \/>\n\t<meta name=\"twitter:data1\" content=\"4 minuten\" \/>\n<script type=\"application\/ld+json\" class=\"yoast-schema-graph\">{\"@context\":\"https:\/\/schema.org\",\"@graph\":[{\"@type\":\"WebPage\",\"@id\":\"https:\/\/www.rogierdenijs.com\/beatplasticwaste\/\",\"url\":\"https:\/\/www.rogierdenijs.com\/beatplasticwaste\/\",\"name\":\"#BEATPLASTICWASTE - Rogier De Nijs\",\"isPartOf\":{\"@id\":\"https:\/\/www.rogierdenijs.com\/#website\"},\"datePublished\":\"2025-08-06T10:33:37+00:00\",\"dateModified\":\"2025-09-04T10:06:54+00:00\",\"description\":\"Rogier De Nijs drummer, composer and instrument builder with music on current social topics.\",\"breadcrumb\":{\"@id\":\"https:\/\/www.rogierdenijs.com\/beatplasticwaste\/#breadcrumb\"},\"inLanguage\":\"nl-NL\",\"potentialAction\":[{\"@type\":\"ReadAction\",\"target\":[\"https:\/\/www.rogierdenijs.com\/beatplasticwaste\/\"]}]},{\"@type\":\"BreadcrumbList\",\"@id\":\"https:\/\/www.rogierdenijs.com\/beatplasticwaste\/#breadcrumb\",\"itemListElement\":[{\"@type\":\"ListItem\",\"position\":1,\"name\":\"Home\",\"item\":\"https:\/\/www.rogierdenijs.com\/\"},{\"@type\":\"ListItem\",\"position\":2,\"name\":\"#BEATPLASTICWASTE\"}]},{\"@type\":\"WebSite\",\"@id\":\"https:\/\/www.rogierdenijs.com\/#website\",\"url\":\"https:\/\/www.rogierdenijs.com\/\",\"name\":\"Rogier De Nijs\",\"description\":\"\",\"potentialAction\":[{\"@type\":\"SearchAction\",\"target\":{\"@type\":\"EntryPoint\",\"urlTemplate\":\"https:\/\/www.rogierdenijs.com\/?s={search_term_string}\"},\"query-input\":{\"@type\":\"PropertyValueSpecification\",\"valueRequired\":true,\"valueName\":\"search_term_string\"}}],\"inLanguage\":\"nl-NL\"}]}<\/script>\n<!-- \/ Yoast SEO plugin. -->","yoast_head_json":{"title":"#BEATPLASTICWASTE - Rogier De Nijs","description":"Rogier De Nijs drummer, composer and instrument builder with music on current social topics.","robots":{"index":"index","follow":"follow","max-snippet":"max-snippet:-1","max-image-preview":"max-image-preview:large","max-video-preview":"max-video-preview:-1"},"canonical":"https:\/\/www.rogierdenijs.com\/nl\/beatplasticwaste\/","og_locale":"nl_NL","og_type":"article","og_title":"#BEATPLASTICWASTE - Rogier De Nijs","og_description":"Rogier De Nijs drummer, composer and instrument builder with music on current social topics.","og_url":"https:\/\/www.rogierdenijs.com\/nl\/beatplasticwaste\/","og_site_name":"Rogier De Nijs","article_modified_time":"2025-09-04T10:06:54+00:00","twitter_card":"summary_large_image","twitter_misc":{"Geschatte leestijd":"4 minuten"},"schema":{"@context":"https:\/\/schema.org","@graph":[{"@type":"WebPage","@id":"https:\/\/www.rogierdenijs.com\/beatplasticwaste\/","url":"https:\/\/www.rogierdenijs.com\/beatplasticwaste\/","name":"#BEATPLASTICWASTE - Rogier De Nijs","isPartOf":{"@id":"https:\/\/www.rogierdenijs.com\/#website"},"datePublished":"2025-08-06T10:33:37+00:00","dateModified":"2025-09-04T10:06:54+00:00","description":"Rogier De Nijs drummer, composer and instrument builder with music on current social topics.","breadcrumb":{"@id":"https:\/\/www.rogierdenijs.com\/beatplasticwaste\/#breadcrumb"},"inLanguage":"nl-NL","potentialAction":[{"@type":"ReadAction","target":["https:\/\/www.rogierdenijs.com\/beatplasticwaste\/"]}]},{"@type":"BreadcrumbList","@id":"https:\/\/www.rogierdenijs.com\/beatplasticwaste\/#breadcrumb","itemListElement":[{"@type":"ListItem","position":1,"name":"Home","item":"https:\/\/www.rogierdenijs.com\/"},{"@type":"ListItem","position":2,"name":"#BEATPLASTICWASTE"}]},{"@type":"WebSite","@id":"https:\/\/www.rogierdenijs.com\/#website","url":"https:\/\/www.rogierdenijs.com\/","name":"Rogier De Nijs","description":"","potentialAction":[{"@type":"SearchAction","target":{"@type":"EntryPoint","urlTemplate":"https:\/\/www.rogierdenijs.com\/?s={search_term_string}"},"query-input":{"@type":"PropertyValueSpecification","valueRequired":true,"valueName":"search_term_string"}}],"inLanguage":"nl-NL"}]}},"_links":{"self":[{"href":"https:\/\/www.rogierdenijs.com\/nl\/wp-json\/wp\/v2\/pages\/2283","targetHints":{"allow":["GET"]}}],"collection":[{"href":"https:\/\/www.rogierdenijs.com\/nl\/wp-json\/wp\/v2\/pages"}],"about":[{"href":"https:\/\/www.rogierdenijs.com\/nl\/wp-json\/wp\/v2\/types\/page"}],"author":[{"embeddable":true,"href":"https:\/\/www.rogierdenijs.com\/nl\/wp-json\/wp\/v2\/users\/1"}],"replies":[{"embeddable":true,"href":"https:\/\/www.rogierdenijs.com\/nl\/wp-json\/wp\/v2\/comments?post=2283"}],"version-history":[{"count":9,"href":"https:\/\/www.rogierdenijs.com\/nl\/wp-json\/wp\/v2\/pages\/2283\/revisions"}],"predecessor-version":[{"id":2356,"href":"https:\/\/www.rogierdenijs.com\/nl\/wp-json\/wp\/v2\/pages\/2283\/revisions\/2356"}],"wp:attachment":[{"href":"https:\/\/www.rogierdenijs.com\/nl\/wp-json\/wp\/v2\/media?parent=2283"}],"curies":[{"name":"wp","href":"https:\/\/api.w.org\/{rel}","templated":true}]}}